{"id":18038,"date":"2022-10-16T10:06:14","date_gmt":"2022-10-16T10:06:14","guid":{"rendered":"https:\/\/alquileryventadelocales.com\/?page_id=18038"},"modified":"2022-11-05T17:59:49","modified_gmt":"2022-11-05T17:59:49","slug":"politica-de-cookies","status":"publish","type":"page","link":"https:\/\/alquileryventadelocales.com\/en\/cookie-policy\/","title":{"rendered":"Cookie policy"},"content":{"rendered":"","protected":false},"excerpt":{"rendered":"","protected":false},"author":1,"featured_media":0,"parent":0,"menu_order":0,"comment_status":"closed","ping_status":"closed","template":"","meta":{"_acf_changed":false,"inline_featured_image":false,"_joinchat":[],"footnotes":""},"class_list":["post-18038","page","type-page","status-publish","hentry"],"acf":[],"yoast_head":"<!-- This site is optimized with the Yoast SEO plugin v25.0 - https:\/\/yoast.com\/wordpress\/plugins\/seo\/ -->\n<title>Pol\u00edtica de cookies - Locales en M\u00e1laga<\/title>\n<meta name=\"robots\" content=\"index, nofollow, max-snippet:-1, max-image-preview:large, max-video-preview:-1\" \/>\n<link rel=\"canonical\" href=\"https:\/\/alquileryventadelocales.com\/en\/cookie-policy\/\" \/>\n<meta property=\"og:locale\" content=\"en_GB\" \/>\n<meta property=\"og:type\" content=\"article\" \/>\n<meta property=\"og:title\" content=\"Pol\u00edtica de cookies - Locales en M\u00e1laga\" \/>\n<meta property=\"og:url\" content=\"https:\/\/alquileryventadelocales.com\/en\/cookie-policy\/\" \/>\n<meta property=\"og:site_name\" content=\"Locales en M\u00e1laga\" \/>\n<meta property=\"article:modified_time\" content=\"2022-11-05T17:59:49+00:00\" \/>\n<meta name=\"twitter:card\" content=\"summary_large_image\" \/>\n<script type=\"application\/ld+json\" class=\"yoast-schema-graph\">{\"@context\":\"https:\/\/schema.org\",\"@graph\":[{\"@type\":\"WebPage\",\"@id\":\"https:\/\/alquileryventadelocales.com\/politica-de-cookies\/\",\"url\":\"https:\/\/alquileryventadelocales.com\/politica-de-cookies\/\",\"name\":\"Pol\u00edtica de cookies - Locales en M\u00e1laga\",\"isPartOf\":{\"@id\":\"https:\/\/alquileryventadelocales.com\/#website\"},\"datePublished\":\"2022-10-16T10:06:14+00:00\",\"dateModified\":\"2022-11-05T17:59:49+00:00\",\"breadcrumb\":{\"@id\":\"https:\/\/alquileryventadelocales.com\/politica-de-cookies\/#breadcrumb\"},\"inLanguage\":\"en-GB\",\"potentialAction\":[{\"@type\":\"ReadAction\",\"target\":[\"https:\/\/alquileryventadelocales.com\/politica-de-cookies\/\"]}]},{\"@type\":\"BreadcrumbList\",\"@id\":\"https:\/\/alquileryventadelocales.com\/politica-de-cookies\/#breadcrumb\",\"itemListElement\":[{\"@type\":\"ListItem\",\"position\":1,\"name\":\"Portada\",\"item\":\"https:\/\/alquileryventadelocales.com\/\"},{\"@type\":\"ListItem\",\"position\":2,\"name\":\"Pol\u00edtica de cookies\"}]},{\"@type\":\"WebSite\",\"@id\":\"https:\/\/alquileryventadelocales.com\/#website\",\"url\":\"https:\/\/alquileryventadelocales.com\/\",\"name\":\"Locales en M\u00e1laga\",\"description\":\"Locales comerciales en venta s\u00f3lo en M\u00e1laga\",\"publisher\":{\"@id\":\"https:\/\/alquileryventadelocales.com\/#organization\"},\"potentialAction\":[{\"@type\":\"SearchAction\",\"target\":{\"@type\":\"EntryPoint\",\"urlTemplate\":\"https:\/\/alquileryventadelocales.com\/?s={search_term_string}\"},\"query-input\":{\"@type\":\"PropertyValueSpecification\",\"valueRequired\":true,\"valueName\":\"search_term_string\"}}],\"inLanguage\":\"en-GB\"},{\"@type\":\"Organization\",\"@id\":\"https:\/\/alquileryventadelocales.com\/#organization\",\"name\":\"Alquiler y venta de locales\",\"url\":\"https:\/\/alquileryventadelocales.com\/\",\"logo\":{\"@type\":\"ImageObject\",\"inLanguage\":\"en-GB\",\"@id\":\"https:\/\/alquileryventadelocales.com\/#\/schema\/logo\/image\/\",\"url\":\"https:\/\/alquileryventadelocales.com\/wp-content\/uploads\/2020\/11\/LOGO-LOC-300.png\",\"contentUrl\":\"https:\/\/alquileryventadelocales.com\/wp-content\/uploads\/2020\/11\/LOGO-LOC-300.png\",\"width\":300,\"height\":112,\"caption\":\"Alquiler y venta de locales\"},\"image\":{\"@id\":\"https:\/\/alquileryventadelocales.com\/#\/schema\/logo\/image\/\"}}]}<\/script>\n<!-- \/ Yoast SEO plugin. -->","yoast_head_json":{"title":"Pol\u00edtica de cookies - Locales en M\u00e1laga","robots":{"index":"index","follow":"nofollow","max-snippet":"max-snippet:-1","max-image-preview":"max-image-preview:large","max-video-preview":"max-video-preview:-1"},"canonical":"https:\/\/alquileryventadelocales.com\/en\/cookie-policy\/","og_locale":"en_GB","og_type":"article","og_title":"Pol\u00edtica de cookies - Locales en M\u00e1laga","og_url":"https:\/\/alquileryventadelocales.com\/en\/cookie-policy\/","og_site_name":"Locales en M\u00e1laga","article_modified_time":"2022-11-05T17:59:49+00:00","twitter_card":"summary_large_image","schema":{"@context":"https:\/\/schema.org","@graph":[{"@type":"WebPage","@id":"https:\/\/alquileryventadelocales.com\/politica-de-cookies\/","url":"https:\/\/alquileryventadelocales.com\/politica-de-cookies\/","name":"Pol\u00edtica de cookies - Locales en M\u00e1laga","isPartOf":{"@id":"https:\/\/alquileryventadelocales.com\/#website"},"datePublished":"2022-10-16T10:06:14+00:00","dateModified":"2022-11-05T17:59:49+00:00","breadcrumb":{"@id":"https:\/\/alquileryventadelocales.com\/politica-de-cookies\/#breadcrumb"},"inLanguage":"en-GB","potentialAction":[{"@type":"ReadAction","target":["https:\/\/alquileryventadelocales.com\/politica-de-cookies\/"]}]},{"@type":"BreadcrumbList","@id":"https:\/\/alquileryventadelocales.com\/politica-de-cookies\/#breadcrumb","itemListElement":[{"@type":"ListItem","position":1,"name":"Portada","item":"https:\/\/alquileryventadelocales.com\/"},{"@type":"ListItem","position":2,"name":"Pol\u00edtica de cookies"}]},{"@type":"WebSite","@id":"https:\/\/alquileryventadelocales.com\/#website","url":"https:\/\/alquileryventadelocales.com\/","name":"Locales en M\u00e1laga","description":"Locales comerciales en venta s\u00f3lo en M\u00e1laga","publisher":{"@id":"https:\/\/alquileryventadelocales.com\/#organization"},"potentialAction":[{"@type":"SearchAction","target":{"@type":"EntryPoint","urlTemplate":"https:\/\/alquileryventadelocales.com\/?s={search_term_string}"},"query-input":{"@type":"PropertyValueSpecification","valueRequired":true,"valueName":"search_term_string"}}],"inLanguage":"en-GB"},{"@type":"Organization","@id":"https:\/\/alquileryventadelocales.com\/#organization","name":"Alquiler y venta de locales","url":"https:\/\/alquileryventadelocales.com\/","logo":{"@type":"ImageObject","inLanguage":"en-GB","@id":"https:\/\/alquileryventadelocales.com\/#\/schema\/logo\/image\/","url":"https:\/\/alquileryventadelocales.com\/wp-content\/uploads\/2020\/11\/LOGO-LOC-300.png","contentUrl":"https:\/\/alquileryventadelocales.com\/wp-content\/uploads\/2020\/11\/LOGO-LOC-300.png","width":300,"height":112,"caption":"Alquiler y venta de locales"},"image":{"@id":"https:\/\/alquileryventadelocales.com\/#\/schema\/logo\/image\/"}}]}},"_links":{"self":[{"href":"https:\/\/alquileryventadelocales.com\/en\/wp-json\/wp\/v2\/pages\/18038","targetHints":{"allow":["GET"]}}],"collection":[{"href":"https:\/\/alquileryventadelocales.com\/en\/wp-json\/wp\/v2\/pages"}],"about":[{"href":"https:\/\/alquileryventadelocales.com\/en\/wp-json\/wp\/v2\/types\/page"}],"author":[{"embeddable":true,"href":"https:\/\/alquileryventadelocales.com\/en\/wp-json\/wp\/v2\/users\/1"}],"replies":[{"embeddable":true,"href":"https:\/\/alquileryventadelocales.com\/en\/wp-json\/wp\/v2\/comments?post=18038"}],"version-history":[{"count":1,"href":"https:\/\/alquileryventadelocales.com\/en\/wp-json\/wp\/v2\/pages\/18038\/revisions"}],"predecessor-version":[{"id":18039,"href":"https:\/\/alquileryventadelocales.com\/en\/wp-json\/wp\/v2\/pages\/18038\/revisions\/18039"}],"wp:attachment":[{"href":"https:\/\/alquileryventadelocales.com\/en\/wp-json\/wp\/v2\/media?parent=18038"}],"curies":[{"name":"wp","href":"https:\/\/api.w.org\/{rel}","templated":true}]}}